{"id":4105,"date":"2020-08-30T08:52:48","date_gmt":"2020-08-30T08:52:48","guid":{"rendered":"https:\/\/www.movingdot.nl\/?page_id=4105"},"modified":"2023-01-04T09:17:14","modified_gmt":"2023-01-04T09:17:14","slug":"safety-assessments","status":"publish","type":"page","link":"https:\/\/www.movingdot.nl\/nl\/services\/safety-management-2\/safety-assessments\/","title":{"rendered":"Safety Assessments"},"content":{"rendered":"<div class=\"wp-block-columns is-layout-flex wp-container-core-columns-is-layout-9d6595d7 wp-block-columns-is-layout-flex\">\n<div class=\"wp-block-column is-layout-flow wp-block-column-is-layout-flow\">\n<h2 class=\"wp-block-heading\">MovingDot heeft verschillende veiligheidsanalyses uitgevoerd en zowel nationale als internationale klanten geholpen.<\/h2>\n\n\n\n<p>Met de International Civil Aviation Organization (ICAO) veiligheidsanalyse principes als basis en gebruikmakend van de vaardigheden, kennis en ervaring, van zowel de klant en MovingDot\u2019s eigen experts, worden voor bestaande of potenti\u00eble nieuw ge\u00efdentificeerd veiligheidsrisico's op maat gesneden mitigatie strategie\u00ebn ontwikkeld.<\/p>\n\n\n\n<p>Er komt bij veiligheidsanalyses meer kijken dan het verwerken van getallen. Het verkrijgen van inzicht in de gevolgen van huidige activiteiten of beoogde wijzigingen vereist een nauwkeurige evaluatie van niet alleen de technische, maar ook de operationele- en omgevingsfactoren. Op basis van de ICAO-principes, aangevuld met nationale veiligheidsvoorschriften of specifieke behoeften, evalueren MovingDot experts samen met u de verschillende risico\u2019s op systematische wijze. Afhankelijk van de behoeftes en doelstellingen van het project, alsmede de beschikbaarheid van data, wordt een kwalitatieve dan wel kwantitatieve beoordeling gemaakt. Op basis van de bevindingen wordt samen met u ge\u00efdentificeerd welk mitigerende maatregelen nodig zijn. Hiermee wordt de stap gezet naar een proactieve strategie voor risicobeheer.<\/p>\n\n\n\n<p>MovingDot heeft ervaring met het uitvoeren en ondersteunen van veiligheidsanalyses voor zowel nationale als internationale klanten. Ons sterk technisch oordeel, operationele ervaring en inzicht in culturele aspecten hebben geleid tot de ontwikkeling van doelgerichte risico mitigatiestrategie\u00ebn en implementatie daarvan.<\/p>\n<\/div>\n\n\n\n<div class=\"wp-block-column is-layout-flow wp-block-column-is-layout-flow\">\n<h2 class=\"has-text-align-center wp-block-heading\">Enkele voorbeeldprojecten<\/h2>\n\n\n\n<style>#jtg-4401 .modula-item .jtg-social a, .lightbox-socials.jtg-social a{ fill: #ffffff; color: #ffffff }#jtg-4401 .modula-item .jtg-social-expandable a, #jtg-4401 .modula-item .jtg-social-expandable-icons a{ fill: #ffffff; color: #ffffff }#jtg-4401 .modula-item .jtg-social svg, .lightbox-socials.jtg-social svg { height: 16px; width: 16px }#jtg-4401 .modula-item .jtg-social-expandable svg { height: 16px; width: 16px }#jtg-4401 .modula-item .jtg-social-expandable-icons svg { height: 16px; width: 16px }#jtg-4401 .modula-item .jtg-social a:not(:last-child), .lightbox-socials.jtg-social a:not(:last-child) { margin-right: 10px }#jtg-4401 .modula-item .jtg-social-expandable-icons { gap: 10px }#jtg-4401 .modula-item .figc {color:#ffffff;}#jtg-4401 .modula-item .figc .jtg-title {  font-size: 20px; }#jtg-4401 .modula-item .modula-item-content { transform: scale(1); }#jtg-4401 .modula-items .figc p.description { font-size:10px; }#jtg-4401 .modula-items .figc p.description { color:#ffffff;}#jtg-4401 .modula-items .figc .jtg-title { color:#ffffff; }#jtg-4401.modula-gallery .modula-item > a, #jtg-4401.modula-gallery .modula-item, #jtg-4401.modula-gallery .modula-item-content > a:not(.modula-no-follow) { cursor:pointer; } #jtg-4401.modula-gallery .modula-item-content .modula-no-follow { cursor: default; } @media screen and (max-width:480px){#jtg-4401 .modula-item .figc .jtg-title {  font-size: 12px; }#jtg-4401 .modula-items .figc p.description { color:#ffffff;font-size:10px; }}<\/style>\n<div  id=\"jtg-4401\" class=\"modula modula-gallery modula-custom-grid\" data-config=\"{&quot;height&quot;:800,&quot;tabletHeight&quot;:800,&quot;mobileHeight&quot;:800,&quot;desktopHeight&quot;:800,&quot;enableTwitter&quot;:false,&quot;enableWhatsapp&quot;:false,&quot;enableFacebook&quot;:false,&quot;enablePinterest&quot;:false,&quot;enableLinkedin&quot;:false,&quot;enableEmail&quot;:false,&quot;randomFactor&quot;:0.5,&quot;type&quot;:&quot;custom-grid&quot;,&quot;columns&quot;:12,&quot;gutter&quot;:10,&quot;mobileGutter&quot;:10,&quot;tabletGutter&quot;:10,&quot;desktopGutter&quot;:10,&quot;enableResponsive&quot;:&quot;0&quot;,&quot;tabletColumns&quot;:&quot;2&quot;,&quot;mobileColumns&quot;:&quot;1&quot;,&quot;lazyLoad&quot;:0,&quot;lightboxOpts&quot;:{&quot;animated&quot;:true,&quot;Thumbs&quot;:{&quot;type&quot;:&quot;modern&quot;,&quot;showOnStart&quot;:false},&quot;Toolbar&quot;:{&quot;display&quot;:{&quot;right&quot;:[&quot;close&quot;]},&quot;enabled&quot;:true},&quot;Carousel&quot;:{&quot;Panzoom&quot;:{&quot;touch&quot;:false},&quot;infinite&quot;:false},&quot;keyboard&quot;:{&quot;Escape&quot;:&quot;close&quot;,&quot;Delete&quot;:&quot;close&quot;,&quot;Backspace&quot;:&quot;close&quot;,&quot;PageUp&quot;:false,&quot;PageDown&quot;:false,&quot;ArrowUp&quot;:false,&quot;ArrowDown&quot;:false,&quot;ArrowRight&quot;:false,&quot;ArrowLeft&quot;:false},&quot;touch&quot;:false,&quot;backdropClick&quot;:false,&quot;l10n&quot;:{&quot;CLOSE&quot;:&quot;Sluiten&quot;,&quot;NEXT&quot;:&quot;Volgende&quot;,&quot;PREV&quot;:&quot;Vorige&quot;,&quot;Error&quot;:&quot;De gevraagde inhoud kan niet worden geladen. Probeer het later opnieuw.&quot;,&quot;PLAY_START&quot;:&quot;Start slideshow&quot;,&quot;PLAY_STOP&quot;:&quot;Slideshow pauzeren&quot;,&quot;FULL_SCREEN&quot;:&quot;Volledig scherm&quot;,&quot;THUMBS&quot;:&quot;Thumbnails&quot;,&quot;DOWNLOAD&quot;:&quot;Downloaden&quot;,&quot;SHARE&quot;:&quot;Delen&quot;,&quot;ZOOM&quot;:&quot;Zoom&quot;,&quot;EMAIL&quot;:&quot;Hier is de link naar de afbeelding: %%image_link%% en dit is de link naar de galerij: %%gallery_link%%&quot;,&quot;MODAL&quot;:&quot;Je kunt deze modale inhoud sluiten met de ESC sleutel&quot;,&quot;ERROR&quot;:&quot;Er is iets misgegaan, probeer het later nog eens&quot;,&quot;IMAGE_ERROR&quot;:&quot;Afbeelding niet gevonden&quot;,&quot;ELEMENT_NOT_FOUND&quot;:&quot;HTML element niet gevonden&quot;,&quot;AJAX_NOT_FOUND&quot;:&quot;Fout bij het laden van Ajax: niet gevonden&quot;,&quot;AJAX_FORBIDDEN&quot;:&quot;Fout bij laden Ajax: verboden&quot;,&quot;IFRAME_ERROR&quot;:&quot;Fout bij het laden van de pagina&quot;,&quot;TOGGLE_ZOOM&quot;:&quot;Toggle zoomniveau&quot;,&quot;TOGGLE_THUMBS&quot;:&quot;Toggle thumbnails&quot;,&quot;TOGGLE_SLIDESHOW&quot;:&quot;Toggle slideshow&quot;,&quot;TOGGLE_FULLSCREEN&quot;:&quot;Toggle modus volledig scherm&quot;},&quot;Images&quot;:{&quot;Panzoom&quot;:{&quot;maxScale&quot;:2}},&quot;mainClass&quot;:&quot;modula-fancybox-container modula-lightbox-jtg-4401&quot;,&quot;Html&quot;:{&quot;videoAutoplay&quot;:0,&quot;videoTpl&quot;:&quot;&lt;video class=\\&quot;fancybox__html5video\\&quot; controls muted playsinline controlsList controlsList=\\&quot;nodownload\\&quot; poster=\\&quot;{{poster}}\\&quot; src=\\&quot;{{src}}\\&quot; type=\\&quot;{{format}}\\&quot; &gt;  Sorry, your browser doesn&#039;t support embedded videos, &lt;a href=\\&quot;{{src}}\\&quot;&gt; download &lt;\\\/a&gt; and watch with your favorite video player! &lt;\\\/video&gt;&quot;}},&quot;inView&quot;:false,&quot;email_subject&quot;:&quot;Check out this awesome image !!&quot;,&quot;email_message&quot;:&quot;Here is the link to the image : %%image_link%% and this is the link to the gallery : %%gallery_link%%&quot;,&quot;lightbox&quot;:&quot;attachment-page&quot;}\">\n\n\t\n\t<div  class=\"modula-items\">\n\t\t<div class=\"modula-item modula-simple-link effect-pufrobo\" data-width=\"12\" data-height=\"4\" >\n\t<div class=\"modula-item-overlay\"><\/div>\n\n\t<div class=\"modula-item-content\">\n\n\t\t\t\t\n\t\t\t\t\t<a data-image-id=\"2549\" role=\"button\" tabindex=\"0\" class=\"modula-simple-link\" aria-label=\"Externe link openen\" href=\"https:\/\/www.movingdot.nl\/nl\/portfolio\/air-navigation-service-providers-ansps\/safety-case-for-the-new-atc-tower-flamingo-airport-bonaire\/\"><\/a>\n\t\t\n\t\t<img decoding=\"async\" class=\"pic wp-image-2549\"  data-valign=\"middle\" data-halign=\"center\" alt=\"\" data-full=\"https:\/\/www.movingdot.nl\/wp-content\/uploads\/2020\/07\/img_2185_modified_16_9-1-1-wpp1596034304162.jpg\" title=\"Safety case voor de nieuwe luchtverkeersleidingstoren op Flamingo Airport, Bonaire\" width=\"800\" height=\"250\" src=\"https:\/\/www.movingdot.nl\/wp-content\/uploads\/2020\/07\/img_2185_modified_16_9-1-1-wpp1596034304162-1024x320.jpg\" data-src=\"https:\/\/www.movingdot.nl\/wp-content\/uploads\/2020\/07\/img_2185_modified_16_9-1-1-wpp1596034304162-1024x320.jpg\" data-caption=\"\" srcset=\"https:\/\/www.movingdot.nl\/wp-content\/uploads\/2020\/07\/img_2185_modified_16_9-1-1-wpp1596034304162.jpg 1280w, https:\/\/www.movingdot.nl\/wp-content\/uploads\/2020\/07\/img_2185_modified_16_9-1-1-wpp1596034304162-300x94.jpg 300w, https:\/\/www.movingdot.nl\/wp-content\/uploads\/2020\/07\/img_2185_modified_16_9-1-1-wpp1596034304162-1024x320.jpg 1024w, https:\/\/www.movingdot.nl\/wp-content\/uploads\/2020\/07\/img_2185_modified_16_9-1-1-wpp1596034304162-768x240.jpg 768w\" sizes=\"(max-width: 800px) 100vw, 800px\" \/>\n\t\t<div class=\"figc no-description\">\n\t\t\t<div class=\"figc-inner\">\n\t\t\t\t\t\t\t\t\t<div class='jtg-title'>Safety case voor de nieuwe luchtverkeersleidingstoren op Flamingo Airport, Bonaire<\/div>\n\t\t\t\t\t\t\t\t\t\t\t\t\t\t\t<\/div>\n\t\t<\/div>\n\n\t<\/div>\n\n<\/div><div class=\"modula-item modula-simple-link effect-pufrobo\" data-width=\"12\" data-height=\"4\" >\n\t<div class=\"modula-item-overlay\"><\/div>\n\n\t<div class=\"modula-item-content\">\n\n\t\t\t\t\n\t\t\t\t\t<a data-image-id=\"2545\" role=\"button\" tabindex=\"0\" class=\"modula-simple-link\" aria-label=\"Externe link openen\" href=\"https:\/\/www.movingdot.nl\/nl\/portfolio\/government\/aeronautical-study-of-visual-segment-surface-vss-obstacle-penetrations-taiwan\/\"><\/a>\n\t\t\n\t\t<img decoding=\"async\" class=\"pic wp-image-2545\"  data-valign=\"middle\" data-halign=\"center\" alt=\"\" data-full=\"https:\/\/www.movingdot.nl\/wp-content\/uploads\/2020\/07\/business_meeting_istock_1-1-wpp1596034361281.jpg\" title=\"Aeronautische studie van Visual Segment Surface (VSS) obstakel penetraties: Taiwan\" width=\"800\" height=\"250\" src=\"https:\/\/www.movingdot.nl\/wp-content\/uploads\/2020\/07\/business_meeting_istock_1-1-wpp1596034361281-1024x320.jpg\" data-src=\"https:\/\/www.movingdot.nl\/wp-content\/uploads\/2020\/07\/business_meeting_istock_1-1-wpp1596034361281-1024x320.jpg\" data-caption=\"\" srcset=\"https:\/\/www.movingdot.nl\/wp-content\/uploads\/2020\/07\/business_meeting_istock_1-1-wpp1596034361281.jpg 1280w, https:\/\/www.movingdot.nl\/wp-content\/uploads\/2020\/07\/business_meeting_istock_1-1-wpp1596034361281-300x94.jpg 300w, https:\/\/www.movingdot.nl\/wp-content\/uploads\/2020\/07\/business_meeting_istock_1-1-wpp1596034361281-1024x320.jpg 1024w, https:\/\/www.movingdot.nl\/wp-content\/uploads\/2020\/07\/business_meeting_istock_1-1-wpp1596034361281-768x240.jpg 768w\" sizes=\"(max-width: 800px) 100vw, 800px\" \/>\n\t\t<div class=\"figc no-description\">\n\t\t\t<div class=\"figc-inner\">\n\t\t\t\t\t\t\t\t\t<div class='jtg-title'>Aeronautische studie van Visual Segment Surface (VSS) obstakel penetraties: Taiwan<\/div>\n\t\t\t\t\t\t\t\t\t\t\t\t\t\t\t<\/div>\n\t\t<\/div>\n\n\t<\/div>\n\n<\/div>\t\t\n\t<\/div>\n\n\t\n\t\n\t<script type=\"application\/ld+json\">\n\t{\n\t\t\"@context\": \"http:\/\/schema.org\",\n\t\t\"@type\"   : \"ImageGallery\",\n\t\t\"id\"      : \"https:\/\/www.movingdot.nl\/nl\/services\/safety-management-2\/safety-assessments\/\",\n\t\t\"url\"     : \"https:\/\/www.movingdot.nl\/nl\/services\/safety-management-2\/safety-assessments\/\"\n\t}\n\n\t<\/script>\n\n\t\n<\/div>\n\n<\/div>\n<\/div>","protected":false},"excerpt":{"rendered":"<p>MovingDot has performed and collaborated on various safety assessments supporting both national and international customers. Our sound engineering judgement, operational experience and understanding of cultural differences have resulted in the &#8230;<\/p>","protected":false},"author":1,"featured_media":6581,"parent":4025,"menu_order":0,"comment_status":"closed","ping_status":"closed","template":"","meta":{"om_disable_all_campaigns":false,"footnotes":""},"class_list":["post-4105","page","type-page","status-publish","has-post-thumbnail","hentry"],"aioseo_notices":[],"_links":{"self":[{"href":"https:\/\/www.movingdot.nl\/nl\/wp-json\/wp\/v2\/pages\/4105","targetHints":{"allow":["GET"]}}],"collection":[{"href":"https:\/\/www.movingdot.nl\/nl\/wp-json\/wp\/v2\/pages"}],"about":[{"href":"https:\/\/www.movingdot.nl\/nl\/wp-json\/wp\/v2\/types\/page"}],"author":[{"embeddable":true,"href":"https:\/\/www.movingdot.nl\/nl\/wp-json\/wp\/v2\/users\/1"}],"replies":[{"embeddable":true,"href":"https:\/\/www.movingdot.nl\/nl\/wp-json\/wp\/v2\/comments?post=4105"}],"version-history":[{"count":1,"href":"https:\/\/www.movingdot.nl\/nl\/wp-json\/wp\/v2\/pages\/4105\/revisions"}],"predecessor-version":[{"id":5859,"href":"https:\/\/www.movingdot.nl\/nl\/wp-json\/wp\/v2\/pages\/4105\/revisions\/5859"}],"up":[{"embeddable":true,"href":"https:\/\/www.movingdot.nl\/nl\/wp-json\/wp\/v2\/pages\/4025"}],"wp:featuredmedia":[{"embeddable":true,"href":"https:\/\/www.movingdot.nl\/nl\/wp-json\/wp\/v2\/media\/6581"}],"wp:attachment":[{"href":"https:\/\/www.movingdot.nl\/nl\/wp-json\/wp\/v2\/media?parent=4105"}],"curies":[{"name":"wp","href":"https:\/\/api.w.org\/{rel}","templated":true}]}}